{"id":2243,"date":"2019-11-28T10:24:13","date_gmt":"2019-11-28T10:24:13","guid":{"rendered":"https:\/\/nellen-immobilien.de\/?page_id=2243"},"modified":"2025-05-22T13:13:59","modified_gmt":"2025-05-22T13:13:59","slug":"impressum","status":"publish","type":"page","link":"https:\/\/nellen-immobilien.de\/?page_id=2243","title":{"rendered":"IMPRESSUM"},"content":{"rendered":"\n<p> <strong>Nellen Immobilien<\/strong><br> Einzelunternehmen<br> Inhaberin: Antje Nellen<br> Bautzner Stra\u00dfe 90<br> 01099 Dresden<br> <br> Tele.: 0351 \/ 888 90 99\u00a0<br> Fax: 0351 \/ 479 39 51<br> Internet: nellen-immobilien.de<br> Email: info@nellen-immobilien.de<br> <br> Gewerbeerlaubnis nach \u00a734c GewO vom 01.06.1996<br> USt-IdNr.: DE 187 135 674<br> <br> <strong>Zust\u00e4ndige Berufsaufsichtsbeh\u00f6rde:<\/strong><br> Landeshauptstadt Dresden, <br> Gesch\u00e4ftsbereich Ordnung und Sicherheit,<br>  Ordnungsamt, Abteilung f\u00fcr Gewerbeangelegenheiten<br> Theaterstra\u00dfe 11<br> 01067 Dresden <\/p>\n\n\n\n<p class=\"has-text-align-left\"><strong>Copyright<\/strong> <br>Das Copyright f\u00fcr ver\u00f6ffentlichte, vom Autor selbst erstellte  Objekte bleibt allein beim Autor der Seiten. Eine Vervielf\u00e4ltigung oder  Verwendung solcher Grafiken oder Texte in anderen elektronischen oder  gedruckten Publikationen ist ohne ausdr\u00fcckliche Zustimmung des Autors  nicht gestattet. <\/p>\n\n\n\n<p class=\"has-text-align-left\"><strong>Gesch\u00fctzte Namen und Markenzeichen<\/strong><br>Soweit nicht anders angegeben, sind alle Namen oder Markenzeichen  auf dieser Website namens- bzw. markenrechtlich zugunsten von Nellen  Immobilien gesch\u00fctzt oder sie beh\u00e4lt sich einen solchen Schutz vor. Dies  gilt insbesondere f\u00fcr Marken, Typenbezeichnungen, Logos, Embleme o.\u00e4.  Bei deren Verwendung sind diese eindeutig zu kennzeichnen. <\/p>\n\n\n\n<p class=\"has-text-align-left\"><strong> Haftungsauschschluss <\/strong><br><br><strong>Inhalt des Onlineangebotes<\/strong><br>Die auf dem Server bereitgestellten Angaben wurden vom Autor  sorgf\u00e4ltig gepr\u00fcft und beruhen auf dem jeweils angegebenen Stand. Dessen  ungeachtet kann keine Gew\u00e4hr f\u00fcr die Korrektheit, Vollst\u00e4ndigkeit,  Qualit\u00e4t oder letzte Aktualit\u00e4t der Angaben bzw. bereitgestellten  Informationen \u00fcbernommen werden.<br> Haftungsanspr\u00fcche gegen den Autor, die sich auf Sch\u00e4den  materieller oder ideeller Art beziehen, welche durch die Nutzung oder  Nichtnutzung der dargebotenen Informationen bzw. durch die Nutzung  fehlerhafter und unvollst\u00e4ndiger Informationen verursacht wurden sind  grunds\u00e4tzlich ausgeschlossen, sofern seitens des Autors kein  nachweislich vors\u00e4tzliches oder grob fahrl\u00e4ssiges Verschulden vorliegt.  Alle Angebote sind freibleibend und unverbindlich. Der Autor beh\u00e4lt es  sich ausdr\u00fccklich vor, Teile der Seiten oder das gesamte Angebot ohne  gesonderte Ank\u00fcndigung zu ver\u00e4ndern, zu erg\u00e4nzen, zu l\u00f6schen oder die  Ver\u00f6ffentlichung zeitweise oder endg\u00fcltig einzustellen. <\/p>\n\n\n\n<p><strong>Verweise und Links<\/strong><br>Sofern auf Verweisziele (&#8220;Links&#8221;) direkt oder indirekt verwiesen  wird, die au\u00dferhalb des Verantwortungsbereiches des Autors liegen,  haftet dieser nur dann, wenn er von den Inhalten Kenntnis hat und es ihm  technisch m\u00f6glich und zumutbar w\u00e4re, die Nutzung im Falle  rechtswidriger Inhalte zu verhindern. F\u00fcr dar\u00fcber hinausgehende Inhalte  und insbesondere f\u00fcr Sch\u00e4den, die aus der Nutzung oder Nichtnutzung  solcherart dargebotener Informationen entstehen, haftet allein der  Anbieter dieser Seiten, nicht derjenige, der \u00fcber Links auf die  jeweilige Ver\u00f6ffentlichung lediglich verweist. Diese Einschr\u00e4nkung gilt  gleicherma\u00dfen auch f\u00fcr Fremdeintr\u00e4ge in vom Autor eingerichteten  G\u00e4steb\u00fcchern, Diskussionsforen und Mailing-Listen.<br> Bez\u00fcglich fremder Inhalte, zu denen Verkn\u00fcpfungen (Links)  bestehen, distanziert sich der Autor entsprechend dem Urteil des  Landgerichts Hamburg vom 12. Mai 1998 ausdr\u00fccklich von den Inhalten  dieser Internetseiten. F\u00fcr alle Links gilt: Nellen Immobilien hat keinen  Einfluss auf Inhalt und Gestaltung der verlinkten Seiten. Die Nutzung  von Links, die zu Seiten au\u00dferhalb von nellen-immobilien.de f\u00fchren,  erfolgt auf eigene Verantwortung der Nutzer. <\/p>\n\n\n\n<p class=\"has-text-align-left\"><strong>Gesch\u00fctzte Namen und Markenzeichen<\/strong><br>Auf dieser Website verwendete eingetragene Marken, oder gesch\u00fctzte  Namen sind Eigentum der jeweiligen rechtlich anerkannten juristischen  oder nat\u00fcrlichen Personen, auch bei deren nicht expliziter Ausweisung.  Get\u00e4tigte Nennungen dienen lediglich beschreibenden Zwecken und nicht  der Eigenwerbung. <\/p>\n\n\n\n<p class=\"has-text-align-left\"><strong>Urheberrecht<\/strong><br>Der Autor ist bestrebt, in allen Publikationen die Urheberrechte  der verwendeten Grafiken, Sounds und Texte zu beachten, von ihm selbst  erstellte Grafiken und Texte zu nutzen oder auf lizenzfreie Grafiken und  Texte zur\u00fcckzugreifen. Sollte sich auf den jeweiligen Seiten dennoch  eine ungekennzeichnete, aber durch fremdes Copyright gesch\u00fctzte Grafik  oder Text befinden, so konnte das Copyright vom Autor nicht festgestellt  werden. Im Falle einer solchen unbeabsichtigten Copyrightverletzung  wird der Autor das entsprechende Objekt nach Benachrichtigung aus seiner  Publikation entfernen bzw. mit dem entsprechenden Copyright kenntlich  machen. <\/p>\n\n\n\n<p class=\"has-text-align-left\"><strong>Rechtswirksamkeit dieses Haftungsausschlusses<\/strong><br>Dieser Haftungsausschluss ist als Teil des Internet-Angebotes  anzusehen, von dem aus auf diese Seite verwiesen wurde. Sofern Teile  oder einzelne Formulierungen dieses Textes der geltenden Rechtslage  nicht, nicht mehr oder nicht vollst\u00e4ndig entsprechen sollten, bleiben  die \u00fcbrigen Teiles dieses Dokumentes in ihrem Inhalt und ihrer  G\u00fcltigkeit davon unber\u00fchrt.<\/p>\n\n\n\n<p><strong>Verbraucherstreitbeilegungsgesetz<\/strong><br>&#8220;Wir sind nicht bereit und nicht verpflichtet, an einem Verbraucherstreitbeilegungsverfahren teilzunehmen.&#8221;<br>Firmen mit weniger als 10 MA unterliegen der Informationspflicht nach \u00a7 36 Abs. 3 VSBG nicht.<\/p>\n\n\n\n<p><strong>Barrierefreiheitsst\u00e4rkungsgesetz<\/strong><br>&#8220;Wir fallen nicht unter das BFSG.&#8221;<\/p>\n\n\n\n<p><\/p>\n","protected":false},"excerpt":{"rendered":"<p>Nellen Immobilien Einzelunternehmen Inhaberin: Antje Nellen Bautzner Stra\u00dfe 90 01099 Dresden Tele.: 0351 \/ 888 90 99\u00a0 Fax: 0351 \/ 479 39 51 Internet: nellen-immobilien.de Email: [&hellip;]<\/p>\n","protected":false},"author":1,"featured_media":0,"parent":0,"menu_order":0,"comment_status":"closed","ping_status":"closed","template":"","meta":[],"_links":{"self":[{"href":"https:\/\/nellen-immobilien.de\/index.php?rest_route=\/wp\/v2\/pages\/2243"}],"collection":[{"href":"https:\/\/nellen-immobilien.de\/index.php?rest_route=\/wp\/v2\/pages"}],"about":[{"href":"https:\/\/nellen-immobilien.de\/index.php?rest_route=\/wp\/v2\/types\/page"}],"author":[{"embeddable":true,"href":"https:\/\/nellen-immobilien.de\/index.php?rest_route=\/wp\/v2\/users\/1"}],"replies":[{"embeddable":true,"href":"https:\/\/nellen-immobilien.de\/index.php?rest_route=%2Fwp%2Fv2%2Fcomments&post=2243"}],"version-history":[{"count":4,"href":"https:\/\/nellen-immobilien.de\/index.php?rest_route=\/wp\/v2\/pages\/2243\/revisions"}],"predecessor-version":[{"id":2376,"href":"https:\/\/nellen-immobilien.de\/index.php?rest_route=\/wp\/v2\/pages\/2243\/revisions\/2376"}],"wp:attachment":[{"href":"https:\/\/nellen-immobilien.de\/index.php?rest_route=%2Fwp%2Fv2%2Fmedia&parent=2243"}],"curies":[{"name":"wp","href":"https:\/\/api.w.org\/{rel}","templated":true}]}}